{"id":62,"date":"2025-06-17T00:34:32","date_gmt":"2025-06-17T00:34:32","guid":{"rendered":"https:\/\/amethyst-limitless.com\/?page_id=62"},"modified":"2025-06-17T01:54:39","modified_gmt":"2025-06-17T01:54:39","slug":"sobre-nosotros","status":"publish","type":"page","link":"https:\/\/amethyst-limitless.com\/en\/sobre-nosotros\/","title":{"rendered":"SOBRE NOSOTROS"},"content":{"rendered":"<div data-elementor-type=\"wp-page\" data-elementor-id=\"62\" class=\"elementor elementor-62\">\n\t\t\t\t<div class=\"elementor-element elementor-element-737c850 e-flex e-con-boxed e-con e-parent\" data-id=\"737c850\" data-element_type=\"container\" data-e-type=\"container\">\n\t\t\t\t\t<div class=\"e-con-inner\">\n\t\t\t\t<div class=\"elementor-element elementor-element-8096846 elementor-widget elementor-widget-heading\" data-id=\"8096846\" data-element_type=\"widget\" data-e-type=\"widget\" data-widget_type=\"heading.default\">\n\t\t\t\t<div class=\"elementor-widget-container\">\n\t\t\t\t\t<h2 class=\"elementor-heading-title elementor-size-default\">Conoce a Amethyst Limitless Group<\/h2>\t\t\t\t<\/div>\n\t\t\t\t<\/div>\n\t\t\t\t<div class=\"elementor-element elementor-element-d641def elementor-widget elementor-widget-video\" data-id=\"d641def\" data-element_type=\"widget\" data-e-type=\"widget\" data-settings=\"{&quot;video_type&quot;:&quot;hosted&quot;,&quot;controls&quot;:&quot;yes&quot;}\" data-widget_type=\"video.default\">\n\t\t\t\t<div class=\"elementor-widget-container\">\n\t\t\t\t\t\t\t<div class=\"e-hosted-video elementor-wrapper elementor-open-inline\">\n\t\t\t\t\t<video class=\"elementor-video\" src=\"https:\/\/amethyst-limitless.com\/wp-content\/uploads\/2025\/06\/WhatsApp-Video-2025-06-16-at-7.51.26-PM.mp4\" controls=\"\" preload=\"metadata\" controlslist=\"nodownload\"><\/video>\n\t\t\t\t<\/div>\n\t\t\t\t\t\t<\/div>\n\t\t\t\t<\/div>\n\t\t\t\t\t<\/div>\n\t\t\t\t<\/div>\n\t\t<div class=\"elementor-element elementor-element-0b33ec6 e-grid e-con-boxed e-con e-parent\" data-id=\"0b33ec6\" data-element_type=\"container\" data-e-type=\"container\">\n\t\t\t\t\t<div class=\"e-con-inner\">\n\t\t\t\t<div class=\"elementor-element elementor-element-ab3c619 elementor-widget elementor-widget-heading\" data-id=\"ab3c619\" data-element_type=\"widget\" data-e-type=\"widget\" data-widget_type=\"heading.default\">\n\t\t\t\t<div class=\"elementor-widget-container\">\n\t\t\t\t\t<h2 class=\"elementor-heading-title elementor-size-default\"><p data-start=\"703\" data-end=\"721\">MISI\u00d3N <span style=\"font-size: 1.875rem;font-style: inherit\"><\/span><\/p><\/h2>\t\t\t\t<\/div>\n\t\t\t\t<\/div>\n\t\t\t\t<div class=\"elementor-element elementor-element-40d61f9 elementor-widget elementor-widget-heading\" data-id=\"40d61f9\" data-element_type=\"widget\" data-e-type=\"widget\" data-widget_type=\"heading.default\">\n\t\t\t\t<div class=\"elementor-widget-container\">\n\t\t\t\t\t<h2 class=\"elementor-heading-title elementor-size-default\"><p data-start=\"703\" data-end=\"721\">VISI\u00d3N<span style=\"font-size: 1.875rem;font-style: inherit\"><\/span><\/p><\/h2>\t\t\t\t<\/div>\n\t\t\t\t<\/div>\n\t\t\t\t\t<\/div>\n\t\t\t\t<\/div>\n\t\t<div class=\"elementor-element elementor-element-58a6cec e-grid e-con-boxed e-con e-parent\" data-id=\"58a6cec\" data-element_type=\"container\" data-e-type=\"container\">\n\t\t\t\t\t<div class=\"e-con-inner\">\n\t\t\t\t<div class=\"elementor-element elementor-element-d3fafdf elementor-widget elementor-widget-text-editor\" data-id=\"d3fafdf\" data-element_type=\"widget\" data-e-type=\"widget\" data-widget_type=\"text-editor.default\">\n\t\t\t\t<div class=\"elementor-widget-container\">\n\t\t\t\t\t\t\t\t\t<p data-start=\"703\" data-end=\"721\"><span style=\"font-size: 16px;\">Brindar soluciones inmobiliarias integrales con confianza, \u00e9tica y excelencia en el servicio, ayudando a nuestros clientes a alcanzar sus objetivos financieros y personales.<\/span><\/p>\t\t\t\t\t\t\t\t<\/div>\n\t\t\t\t<\/div>\n\t\t\t\t<div class=\"elementor-element elementor-element-5b6411a elementor-widget elementor-widget-text-editor\" data-id=\"5b6411a\" data-element_type=\"widget\" data-e-type=\"widget\" data-widget_type=\"text-editor.default\">\n\t\t\t\t<div class=\"elementor-widget-container\">\n\t\t\t\t\t\t\t\t\t<p>Ser una empresa l\u00edder en el mercado inmobiliario, reconocida por nuestra experiencia y compromiso con nuestros clientes.<\/p>\t\t\t\t\t\t\t\t<\/div>\n\t\t\t\t<\/div>\n\t\t\t\t\t<\/div>\n\t\t\t\t<\/div>\n\t\t<div class=\"elementor-element elementor-element-e2026a9 e-flex e-con-boxed e-con e-parent\" data-id=\"e2026a9\" data-element_type=\"container\" data-e-type=\"container\">\n\t\t\t\t\t<div class=\"e-con-inner\">\n\t\t\t\t<div class=\"elementor-element elementor-element-0f7d821 elementor-widget elementor-widget-heading\" data-id=\"0f7d821\" data-element_type=\"widget\" data-e-type=\"widget\" data-widget_type=\"heading.default\">\n\t\t\t\t<div class=\"elementor-widget-container\">\n\t\t\t\t\t<h2 class=\"elementor-heading-title elementor-size-default\">NOSOTROS<\/h2>\t\t\t\t<\/div>\n\t\t\t\t<\/div>\n\t\t\t\t\t<\/div>\n\t\t\t\t<\/div>\n\t\t<div class=\"elementor-element elementor-element-7ae6f48 e-grid e-con-full e-con e-parent\" data-id=\"7ae6f48\" data-element_type=\"container\" data-e-type=\"container\">\n\t\t\t\t<div class=\"elementor-element elementor-element-aadac52 elementor-widget elementor-widget-text-editor\" data-id=\"aadac52\" data-element_type=\"widget\" data-e-type=\"widget\" data-widget_type=\"text-editor.default\">\n\t\t\t\t<div class=\"elementor-widget-container\">\n\t\t\t\t\t\t\t\t\t<p>Amethyst Limitless Group es una empresa con sede en New Jersey que cuenta con m\u00e1s de 4 a\u00f1os de experiencia en compra, venta, inversi\u00f3n y alquiler de bienes ra\u00edces. Nuestro equipo est\u00e1 certificado en ventas cortas y ejecuciones hipotecarias, lo que garantiza profesionalismo y conocimiento en cada transacci\u00f3n.<\/p>\t\t\t\t\t\t\t\t<\/div>\n\t\t\t\t<\/div>\n\t\t\t\t<div class=\"elementor-element elementor-element-f23da81 elementor-widget elementor-widget-image\" data-id=\"f23da81\" data-element_type=\"widget\" data-e-type=\"widget\" data-widget_type=\"image.default\">\n\t\t\t\t<div class=\"elementor-widget-container\">\n\t\t\t\t\t\t\t\t\t\t\t\t\t\t\t<img fetchpriority=\"high\" decoding=\"async\" width=\"184\" height=\"300\" src=\"https:\/\/amethyst-limitless.com\/wp-content\/uploads\/2025\/06\/3f305092-84ad-42ff-a5ce-112a734781e6-184x300.jpg\" class=\"attachment-medium size-medium wp-image-21\" alt=\"\" srcset=\"https:\/\/amethyst-limitless.com\/wp-content\/uploads\/2025\/06\/3f305092-84ad-42ff-a5ce-112a734781e6-184x300.jpg 184w, https:\/\/amethyst-limitless.com\/wp-content\/uploads\/2025\/06\/3f305092-84ad-42ff-a5ce-112a734781e6.jpg 290w\" sizes=\"(max-width: 184px) 100vw, 184px\" \/>\t\t\t\t\t\t\t\t\t\t\t\t\t\t\t<\/div>\n\t\t\t\t<\/div>\n\t\t\t\t<\/div>\n\t\t<div class=\"elementor-element elementor-element-d31e241 e-flex e-con-boxed e-con e-parent\" data-id=\"d31e241\" data-element_type=\"container\" data-e-type=\"container\">\n\t\t\t\t\t<div class=\"e-con-inner\">\n\t\t<div class=\"elementor-element elementor-element-646eabb e-grid e-con-full e-con e-child\" data-id=\"646eabb\" data-element_type=\"container\" data-e-type=\"container\">\n\t\t\t\t<div class=\"elementor-element elementor-element-0a988ab elementor-widget elementor-widget-heading\" data-id=\"0a988ab\" data-element_type=\"widget\" data-e-type=\"widget\" data-widget_type=\"heading.default\">\n\t\t\t\t<div class=\"elementor-widget-container\">\n\t\t\t\t\t<h2 class=\"elementor-heading-title elementor-size-default\">Valores principales<\/h2>\t\t\t\t<\/div>\n\t\t\t\t<\/div>\n\t\t\t\t<div class=\"elementor-element elementor-element-df872c5 elementor-align-center elementor-icon-list--layout-traditional elementor-list-item-link-full_width elementor-widget elementor-widget-icon-list\" data-id=\"df872c5\" data-element_type=\"widget\" data-e-type=\"widget\" data-widget_type=\"icon-list.default\">\n\t\t\t\t<div class=\"elementor-widget-container\">\n\t\t\t\t\t\t\t<ul class=\"elementor-icon-list-items\">\n\t\t\t\t\t\t\t<li class=\"elementor-icon-list-item\">\n\t\t\t\t\t\t\t\t\t\t<span class=\"elementor-icon-list-text\">\ud83d\udee1\ufe0f Confianza<\/span>\n\t\t\t\t\t\t\t\t\t<\/li>\n\t\t\t\t\t\t\t\t<li class=\"elementor-icon-list-item\">\n\t\t\t\t\t\t\t\t\t\t<span class=\"elementor-icon-list-text\">  \ud83d\udcbc Profesionalismo<\/span>\n\t\t\t\t\t\t\t\t\t<\/li>\n\t\t\t\t\t\t\t\t<li class=\"elementor-icon-list-item\">\n\t\t\t\t\t\t\t\t\t\t\t<span class=\"elementor-icon-list-icon\">\n\t\t\t\t\t\t\t<svg aria-hidden=\"true\" class=\"e-font-icon-svg e-fas-dot-circle\" viewbox=\"0 0 512 512\" xmlns=\"http:\/\/www.w3.org\/2000\/svg\"><path d=\"M256 8C119.033 8 8 119.033 8 256s111.033 248 248 248 248-111.033 248-248S392.967 8 256 8zm80 248c0 44.112-35.888 80-80 80s-80-35.888-80-80 35.888-80 80-80 80 35.888 80 80z\"><\/path><\/svg>\t\t\t\t\t\t<\/span>\n\t\t\t\t\t\t\t\t\t\t<span class=\"elementor-icon-list-text\">\ud83e\udd1d Compromiso<\/span>\n\t\t\t\t\t\t\t\t\t<\/li>\n\t\t\t\t\t\t\t\t<li class=\"elementor-icon-list-item\">\n\t\t\t\t\t\t\t\t\t\t<span class=\"elementor-icon-list-text\">\ud83d\udcc8 Resultados<\/span>\n\t\t\t\t\t\t\t\t\t<\/li>\n\t\t\t\t\t\t\t\t<li class=\"elementor-icon-list-item\">\n\t\t\t\t\t\t\t\t\t\t<span class=\"elementor-icon-list-text\">\ud83d\udce3 Transparencia<\/span>\n\t\t\t\t\t\t\t\t\t<\/li>\n\t\t\t\t\t\t<\/ul>\n\t\t\t\t\t\t<\/div>\n\t\t\t\t<\/div>\n\t\t\t\t<\/div>\n\t\t\t\t\t<\/div>\n\t\t\t\t<\/div>\n\t\t<div class=\"elementor-element elementor-element-6b05280 e-flex e-con-boxed e-con e-parent\" data-id=\"6b05280\" data-element_type=\"container\" data-e-type=\"container\">\n\t\t\t\t\t<div class=\"e-con-inner\">\n\t\t\t\t<div class=\"elementor-element elementor-element-1637d0c elementor-widget elementor-widget-heading\" data-id=\"1637d0c\" data-element_type=\"widget\" data-e-type=\"widget\" data-widget_type=\"heading.default\">\n\t\t\t\t<div class=\"elementor-widget-container\">\n\t\t\t\t\t<h2 class=\"elementor-heading-title elementor-size-default\">Certificaciones y experiencia<\/h2>\t\t\t\t<\/div>\n\t\t\t\t<\/div>\n\t\t<div class=\"elementor-element elementor-element-40bd6d8 e-grid e-con-full e-con e-child\" data-id=\"40bd6d8\" data-element_type=\"container\" data-e-type=\"container\">\n\t\t\t\t<div class=\"elementor-element elementor-element-1d1a70d elementor-widget elementor-widget-image\" data-id=\"1d1a70d\" data-element_type=\"widget\" data-e-type=\"widget\" data-widget_type=\"image.default\">\n\t\t\t\t<div class=\"elementor-widget-container\">\n\t\t\t\t\t\t\t\t\t\t\t\t\t\t\t<img decoding=\"async\" width=\"1024\" height=\"794\" src=\"https:\/\/amethyst-limitless.com\/wp-content\/uploads\/2025\/06\/WhatsApp-Image-2025-06-16-at-8.43.14-PM-1024x794.jpeg\" class=\"attachment-large size-large wp-image-68\" alt=\"\" srcset=\"https:\/\/amethyst-limitless.com\/wp-content\/uploads\/2025\/06\/WhatsApp-Image-2025-06-16-at-8.43.14-PM-1024x794.jpeg 1024w, https:\/\/amethyst-limitless.com\/wp-content\/uploads\/2025\/06\/WhatsApp-Image-2025-06-16-at-8.43.14-PM-300x233.jpeg 300w, https:\/\/amethyst-limitless.com\/wp-content\/uploads\/2025\/06\/WhatsApp-Image-2025-06-16-at-8.43.14-PM-768x596.jpeg 768w, https:\/\/amethyst-limitless.com\/wp-content\/uploads\/2025\/06\/WhatsApp-Image-2025-06-16-at-8.43.14-PM.jpeg 1217w\" sizes=\"(max-width: 1024px) 100vw, 1024px\" \/>\t\t\t\t\t\t\t\t\t\t\t\t\t\t\t<\/div>\n\t\t\t\t<\/div>\n\t\t\t\t<div class=\"elementor-element elementor-element-0ca57a2 elementor-widget elementor-widget-image\" data-id=\"0ca57a2\" data-element_type=\"widget\" data-e-type=\"widget\" data-widget_type=\"image.default\">\n\t\t\t\t<div class=\"elementor-widget-container\">\n\t\t\t\t\t\t\t\t\t\t\t\t\t\t\t<img decoding=\"async\" width=\"1024\" height=\"790\" src=\"https:\/\/amethyst-limitless.com\/wp-content\/uploads\/2025\/06\/WhatsApp-Image-2025-06-16-at-8.43.14-PM-1-1024x790.jpeg\" class=\"attachment-large size-large wp-image-67\" alt=\"\" srcset=\"https:\/\/amethyst-limitless.com\/wp-content\/uploads\/2025\/06\/WhatsApp-Image-2025-06-16-at-8.43.14-PM-1-1024x790.jpeg 1024w, https:\/\/amethyst-limitless.com\/wp-content\/uploads\/2025\/06\/WhatsApp-Image-2025-06-16-at-8.43.14-PM-1-300x231.jpeg 300w, https:\/\/amethyst-limitless.com\/wp-content\/uploads\/2025\/06\/WhatsApp-Image-2025-06-16-at-8.43.14-PM-1-768x593.jpeg 768w, https:\/\/amethyst-limitless.com\/wp-content\/uploads\/2025\/06\/WhatsApp-Image-2025-06-16-at-8.43.14-PM-1.jpeg 1239w\" sizes=\"(max-width: 1024px) 100vw, 1024px\" \/>\t\t\t\t\t\t\t\t\t\t\t\t\t\t\t<\/div>\n\t\t\t\t<\/div>\n\t\t\t\t<\/div>\n\t\t\t\t\t<\/div>\n\t\t\t\t<\/div>\n\t\t\t\t<\/div>","protected":false},"excerpt":{"rendered":"<p>Conoce a Amethyst Limitless Group https:\/\/amethyst-limitless.com\/wp-content\/uploads\/2025\/06\/WhatsApp-Video-2025-06-16-at-7.51.26-PM.mp4 MISI\u00d3N VISI\u00d3N Brindar soluciones inmobiliarias integrales con confianza, \u00e9tica y excelencia en el servicio, [&hellip;]<\/p>","protected":false},"author":1,"featured_media":0,"parent":0,"menu_order":0,"comment_status":"closed","ping_status":"closed","template":"","meta":{"site-sidebar-layout":"no-sidebar","site-content-layout":"","ast-site-content-layout":"full-width-container","site-content-style":"default","site-sidebar-style":"default","ast-global-header-display":"","ast-banner-title-visibility":"","ast-main-header-display":"","ast-hfb-above-header-display":"","ast-hfb-below-header-display":"","ast-hfb-mobile-header-display":"","site-post-title":"disabled","ast-breadcrumbs-content":"","ast-featured-img":"disabled","footer-sml-layout":"","ast-disable-related-posts":"","theme-transparent-header-meta":"","adv-header-id-meta":"","stick-header-meta":"","header-above-stick-meta":"","header-main-stick-meta":"","header-below-stick-meta":"","astra-migrate-meta-layouts":"default","ast-page-background-enabled":"default","ast-page-background-meta":{"desktop":{"background-color":"var(--ast-global-color-5)","background-image":"","background-repeat":"repeat","background-position":"center center","background-size":"auto","background-attachment":"scroll","background-type":"","background-media":"","overlay-type":"","overlay-color":"","overlay-opacity":"","overlay-gradient":""},"tablet":{"background-color":"","background-image":"","background-repeat":"repeat","background-position":"center center","background-size":"auto","background-attachment":"scroll","background-type":"","background-media":"","overlay-type":"","overlay-color":"","overlay-opacity":"","overlay-gradient":""},"mobile":{"background-color":"","background-image":"","background-repeat":"repeat","background-position":"center center","background-size":"auto","background-attachment":"scroll","background-type":"","background-media":"","overlay-type":"","overlay-color":"","overlay-opacity":"","overlay-gradient":""}},"ast-content-background-meta":{"desktop":{"background-color":"var(--ast-global-color-4)","background-image":"","background-repeat":"repeat","background-position":"center center","background-size":"auto","background-attachment":"scroll","background-type":"","background-media":"","overlay-type":"","overlay-color":"","overlay-opacity":"","overlay-gradient":""},"tablet":{"background-color":"var(--ast-global-color-4)","background-image":"","background-repeat":"repeat","background-position":"center center","background-size":"auto","background-attachment":"scroll","background-type":"","background-media":"","overlay-type":"","overlay-color":"","overlay-opacity":"","overlay-gradient":""},"mobile":{"background-color":"var(--ast-global-color-4)","background-image":"","background-repeat":"repeat","background-position":"center center","background-size":"auto","background-attachment":"scroll","background-type":"","background-media":"","overlay-type":"","overlay-color":"","overlay-opacity":"","overlay-gradient":""}},"footnotes":""},"class_list":["post-62","page","type-page","status-publish","hentry"],"yoast_head":"<!-- This site is optimized with the Yoast SEO plugin v27.4 - https:\/\/yoast.com\/product\/yoast-seo-wordpress\/ -->\n<title>SOBRE NOSOTROS -<\/title>\n<meta name=\"robots\" content=\"index, follow, max-snippet:-1, max-image-preview:large, max-video-preview:-1\" \/>\n<link rel=\"canonical\" href=\"https:\/\/amethyst-limitless.com\/en\/sobre-nosotros\/\" \/>\n<meta property=\"og:locale\" content=\"en_US\" \/>\n<meta property=\"og:type\" content=\"article\" \/>\n<meta property=\"og:title\" content=\"SOBRE NOSOTROS -\" \/>\n<meta property=\"og:description\" content=\"Conoce a Amethyst Limitless Group https:\/\/amethyst-limitless.com\/wp-content\/uploads\/2025\/06\/WhatsApp-Video-2025-06-16-at-7.51.26-PM.mp4 MISI\u00d3N VISI\u00d3N Brindar soluciones inmobiliarias integrales con confianza, \u00e9tica y excelencia en el servicio, [&hellip;]\" \/>\n<meta property=\"og:url\" content=\"https:\/\/amethyst-limitless.com\/en\/sobre-nosotros\/\" \/>\n<meta property=\"article:modified_time\" content=\"2025-06-17T01:54:39+00:00\" \/>\n<meta property=\"og:image\" content=\"https:\/\/amethyst-limitless.com\/wp-content\/uploads\/2025\/06\/3f305092-84ad-42ff-a5ce-112a734781e6.jpg\" \/>\n\t<meta property=\"og:image:width\" content=\"290\" \/>\n\t<meta property=\"og:image:height\" content=\"472\" \/>\n\t<meta property=\"og:image:type\" content=\"image\/jpeg\" \/>\n<meta name=\"twitter:card\" content=\"summary_large_image\" \/>\n<meta name=\"twitter:label1\" content=\"Est. reading time\" \/>\n\t<meta name=\"twitter:data1\" content=\"1 minute\" \/>\n<script type=\"application\/ld+json\" class=\"yoast-schema-graph\">{\"@context\":\"https:\\\/\\\/schema.org\",\"@graph\":[{\"@type\":\"WebPage\",\"@id\":\"https:\\\/\\\/amethyst-limitless.com\\\/sobre-nosotros\\\/\",\"url\":\"https:\\\/\\\/amethyst-limitless.com\\\/sobre-nosotros\\\/\",\"name\":\"SOBRE NOSOTROS -\",\"isPartOf\":{\"@id\":\"https:\\\/\\\/amethyst-limitless.com\\\/#website\"},\"primaryImageOfPage\":{\"@id\":\"https:\\\/\\\/amethyst-limitless.com\\\/sobre-nosotros\\\/#primaryimage\"},\"image\":{\"@id\":\"https:\\\/\\\/amethyst-limitless.com\\\/sobre-nosotros\\\/#primaryimage\"},\"thumbnailUrl\":\"https:\\\/\\\/amethyst-limitless.com\\\/wp-content\\\/uploads\\\/2025\\\/06\\\/3f305092-84ad-42ff-a5ce-112a734781e6-184x300.jpg\",\"datePublished\":\"2025-06-17T00:34:32+00:00\",\"dateModified\":\"2025-06-17T01:54:39+00:00\",\"breadcrumb\":{\"@id\":\"https:\\\/\\\/amethyst-limitless.com\\\/sobre-nosotros\\\/#breadcrumb\"},\"inLanguage\":\"en-US\",\"potentialAction\":[{\"@type\":\"ReadAction\",\"target\":[\"https:\\\/\\\/amethyst-limitless.com\\\/sobre-nosotros\\\/\"]}]},{\"@type\":\"ImageObject\",\"inLanguage\":\"en-US\",\"@id\":\"https:\\\/\\\/amethyst-limitless.com\\\/sobre-nosotros\\\/#primaryimage\",\"url\":\"https:\\\/\\\/amethyst-limitless.com\\\/wp-content\\\/uploads\\\/2025\\\/06\\\/3f305092-84ad-42ff-a5ce-112a734781e6-184x300.jpg\",\"contentUrl\":\"https:\\\/\\\/amethyst-limitless.com\\\/wp-content\\\/uploads\\\/2025\\\/06\\\/3f305092-84ad-42ff-a5ce-112a734781e6-184x300.jpg\"},{\"@type\":\"BreadcrumbList\",\"@id\":\"https:\\\/\\\/amethyst-limitless.com\\\/sobre-nosotros\\\/#breadcrumb\",\"itemListElement\":[{\"@type\":\"ListItem\",\"position\":1,\"name\":\"Home\",\"item\":\"https:\\\/\\\/amethyst-limitless.com\\\/\"},{\"@type\":\"ListItem\",\"position\":2,\"name\":\"SOBRE NOSOTROS\"}]},{\"@type\":\"WebSite\",\"@id\":\"https:\\\/\\\/amethyst-limitless.com\\\/#website\",\"url\":\"https:\\\/\\\/amethyst-limitless.com\\\/\",\"name\":\"\",\"description\":\"\",\"potentialAction\":[{\"@type\":\"SearchAction\",\"target\":{\"@type\":\"EntryPoint\",\"urlTemplate\":\"https:\\\/\\\/amethyst-limitless.com\\\/?s={search_term_string}\"},\"query-input\":{\"@type\":\"PropertyValueSpecification\",\"valueRequired\":true,\"valueName\":\"search_term_string\"}}],\"inLanguage\":\"en-US\"}]}<\/script>\n<!-- \/ Yoast SEO plugin. -->","yoast_head_json":{"title":"SOBRE NOSOTROS -","robots":{"index":"index","follow":"follow","max-snippet":"max-snippet:-1","max-image-preview":"max-image-preview:large","max-video-preview":"max-video-preview:-1"},"canonical":"https:\/\/amethyst-limitless.com\/en\/sobre-nosotros\/","og_locale":"en_US","og_type":"article","og_title":"SOBRE NOSOTROS -","og_description":"Conoce a Amethyst Limitless Group https:\/\/amethyst-limitless.com\/wp-content\/uploads\/2025\/06\/WhatsApp-Video-2025-06-16-at-7.51.26-PM.mp4 MISI\u00d3N VISI\u00d3N Brindar soluciones inmobiliarias integrales con confianza, \u00e9tica y excelencia en el servicio, [&hellip;]","og_url":"https:\/\/amethyst-limitless.com\/en\/sobre-nosotros\/","article_modified_time":"2025-06-17T01:54:39+00:00","og_image":[{"width":290,"height":472,"url":"https:\/\/amethyst-limitless.com\/wp-content\/uploads\/2025\/06\/3f305092-84ad-42ff-a5ce-112a734781e6.jpg","type":"image\/jpeg"}],"twitter_card":"summary_large_image","twitter_misc":{"Est. reading time":"1 minute"},"schema":{"@context":"https:\/\/schema.org","@graph":[{"@type":"WebPage","@id":"https:\/\/amethyst-limitless.com\/sobre-nosotros\/","url":"https:\/\/amethyst-limitless.com\/sobre-nosotros\/","name":"SOBRE NOSOTROS -","isPartOf":{"@id":"https:\/\/amethyst-limitless.com\/#website"},"primaryImageOfPage":{"@id":"https:\/\/amethyst-limitless.com\/sobre-nosotros\/#primaryimage"},"image":{"@id":"https:\/\/amethyst-limitless.com\/sobre-nosotros\/#primaryimage"},"thumbnailUrl":"https:\/\/amethyst-limitless.com\/wp-content\/uploads\/2025\/06\/3f305092-84ad-42ff-a5ce-112a734781e6-184x300.jpg","datePublished":"2025-06-17T00:34:32+00:00","dateModified":"2025-06-17T01:54:39+00:00","breadcrumb":{"@id":"https:\/\/amethyst-limitless.com\/sobre-nosotros\/#breadcrumb"},"inLanguage":"en-US","potentialAction":[{"@type":"ReadAction","target":["https:\/\/amethyst-limitless.com\/sobre-nosotros\/"]}]},{"@type":"ImageObject","inLanguage":"en-US","@id":"https:\/\/amethyst-limitless.com\/sobre-nosotros\/#primaryimage","url":"https:\/\/amethyst-limitless.com\/wp-content\/uploads\/2025\/06\/3f305092-84ad-42ff-a5ce-112a734781e6-184x300.jpg","contentUrl":"https:\/\/amethyst-limitless.com\/wp-content\/uploads\/2025\/06\/3f305092-84ad-42ff-a5ce-112a734781e6-184x300.jpg"},{"@type":"BreadcrumbList","@id":"https:\/\/amethyst-limitless.com\/sobre-nosotros\/#breadcrumb","itemListElement":[{"@type":"ListItem","position":1,"name":"Home","item":"https:\/\/amethyst-limitless.com\/"},{"@type":"ListItem","position":2,"name":"SOBRE NOSOTROS"}]},{"@type":"WebSite","@id":"https:\/\/amethyst-limitless.com\/#website","url":"https:\/\/amethyst-limitless.com\/","name":"","description":"","potentialAction":[{"@type":"SearchAction","target":{"@type":"EntryPoint","urlTemplate":"https:\/\/amethyst-limitless.com\/?s={search_term_string}"},"query-input":{"@type":"PropertyValueSpecification","valueRequired":true,"valueName":"search_term_string"}}],"inLanguage":"en-US"}]}},"_links":{"self":[{"href":"https:\/\/amethyst-limitless.com\/en\/wp-json\/wp\/v2\/pages\/62","targetHints":{"allow":["GET"]}}],"collection":[{"href":"https:\/\/amethyst-limitless.com\/en\/wp-json\/wp\/v2\/pages"}],"about":[{"href":"https:\/\/amethyst-limitless.com\/en\/wp-json\/wp\/v2\/types\/page"}],"author":[{"embeddable":true,"href":"https:\/\/amethyst-limitless.com\/en\/wp-json\/wp\/v2\/users\/1"}],"replies":[{"embeddable":true,"href":"https:\/\/amethyst-limitless.com\/en\/wp-json\/wp\/v2\/comments?post=62"}],"version-history":[{"count":7,"href":"https:\/\/amethyst-limitless.com\/en\/wp-json\/wp\/v2\/pages\/62\/revisions"}],"predecessor-version":[{"id":74,"href":"https:\/\/amethyst-limitless.com\/en\/wp-json\/wp\/v2\/pages\/62\/revisions\/74"}],"wp:attachment":[{"href":"https:\/\/amethyst-limitless.com\/en\/wp-json\/wp\/v2\/media?parent=62"}],"curies":[{"name":"wp","href":"https:\/\/api.w.org\/{rel}","templated":true}]}}